{"id":373,"date":"2017-04-24T16:55:23","date_gmt":"2017-04-24T14:55:23","guid":{"rendered":"http:\/\/localhost\/?page_id=373\/"},"modified":"2020-02-19T10:42:50","modified_gmt":"2020-02-19T09:42:50","slug":"organisation","status":"publish","type":"page","link":"https:\/\/www.hbh-logistics.com\/en\/work\/organisation\/","title":{"rendered":"Organisation"},"content":{"rendered":"<p><strong>F\u00fcr Sie zertifiziert nach DIN ISO 9001:2008.<br \/>\n<\/strong><br \/>\nUm den Service f\u00fcr unsere Kunden st\u00e4ndig weiter zu verbessern und die Prozesse l\u00fcckenlos zu dokumentieren,<br \/>\nhat sich die HBH Logistics GmbH &amp; Co. KG im Jahr 2009 entschieden, die DIN ISO 9001:2008 im Unternehmen<br \/>\neinzuf\u00fchren.<\/p>\n<p>Wir gestalteten die Einf\u00fchrung und Umsetzung der DIN ISO erfolgreich und erhielten das entsprechende Zertifikat mit G\u00fcltigkeit ab dem 16.09.2009.<\/p>\n<p>F\u00fcr Verbesserungsvorschl\u00e4ge oder Kritik Ihrerseits sind wir stets offen.<\/p>\n","protected":false},"excerpt":{"rendered":"<p>F\u00fcr Sie zertifiziert nach DIN ISO 9001:2008. Um den Service f\u00fcr unsere Kunden st\u00e4ndig weiter zu verbessern und die Prozesse l\u00fcckenlos zu dokumentieren, hat sich die HBH Logistics GmbH &amp; Co. KG im Jahr 2009 entschieden, die DIN ISO 9001:2008 im Unternehmen einzuf\u00fchren. Wir gestalteten die Einf\u00fchrung und Umsetzung der DIN ISO erfolgreich und erhielten [&hellip;]<\/p>\n","protected":false},"author":1,"featured_media":0,"parent":341,"menu_order":30,"comment_status":"closed","ping_status":"closed","template":"","meta":{"_acf_changed":false,"footnotes":""},"class_list":["post-373","page","type-page","status-publish","hentry"],"acf":[],"yoast_head":"<!-- This site is optimized with the Yoast SEO plugin v27.5 - https:\/\/yoast.com\/product\/yoast-seo-wordpress\/ -->\n<title>Organisation - HBH Logistics GmbH &amp; Co. KG<\/title>\n<meta name=\"robots\" content=\"index, follow, max-snippet:-1, max-image-preview:large, max-video-preview:-1\" \/>\n<link rel=\"canonical\" href=\"https:\/\/www.hbh-logistics.com\/en\/work\/organisation\/\" \/>\n<meta property=\"og:locale\" content=\"en_US\" \/>\n<meta property=\"og:type\" content=\"article\" \/>\n<meta property=\"og:title\" content=\"Organisation - HBH Logistics GmbH &amp; Co. KG\" \/>\n<meta property=\"og:description\" content=\"F\u00fcr Sie zertifiziert nach DIN ISO 9001:2008. Um den Service f\u00fcr unsere Kunden st\u00e4ndig weiter zu verbessern und die Prozesse l\u00fcckenlos zu dokumentieren, hat sich die HBH Logistics GmbH &amp; Co. KG im Jahr 2009 entschieden, die DIN ISO 9001:2008 im Unternehmen einzuf\u00fchren. Wir gestalteten die Einf\u00fchrung und Umsetzung der DIN ISO erfolgreich und erhielten [&hellip;]\" \/>\n<meta property=\"og:url\" content=\"https:\/\/www.hbh-logistics.com\/en\/work\/organisation\/\" \/>\n<meta property=\"og:site_name\" content=\"HBH Logistics GmbH &amp; Co. KG\" \/>\n<meta property=\"article:modified_time\" content=\"2020-02-19T09:42:50+00:00\" \/>\n<meta name=\"twitter:card\" content=\"summary_large_image\" \/>\n<script type=\"application\/ld+json\" class=\"yoast-schema-graph\">{\"@context\":\"https:\\\/\\\/schema.org\",\"@graph\":[{\"@type\":\"WebPage\",\"@id\":\"https:\\\/\\\/www.hbh-logistics.com\\\/en\\\/work\\\/organisation\\\/\",\"url\":\"https:\\\/\\\/www.hbh-logistics.com\\\/en\\\/work\\\/organisation\\\/\",\"name\":\"Organisation - HBH Logistics GmbH &amp; Co. KG\",\"isPartOf\":{\"@id\":\"https:\\\/\\\/www.hbh-logistics.com\\\/#website\"},\"datePublished\":\"2017-04-24T14:55:23+00:00\",\"dateModified\":\"2020-02-19T09:42:50+00:00\",\"breadcrumb\":{\"@id\":\"https:\\\/\\\/www.hbh-logistics.com\\\/en\\\/work\\\/organisation\\\/#breadcrumb\"},\"inLanguage\":\"en-US\",\"potentialAction\":[{\"@type\":\"ReadAction\",\"target\":[\"https:\\\/\\\/www.hbh-logistics.com\\\/en\\\/work\\\/organisation\\\/\"]}]},{\"@type\":\"BreadcrumbList\",\"@id\":\"https:\\\/\\\/www.hbh-logistics.com\\\/en\\\/work\\\/organisation\\\/#breadcrumb\",\"itemListElement\":[{\"@type\":\"ListItem\",\"position\":1,\"name\":\"Startseite\",\"item\":\"https:\\\/\\\/www.hbh-logistics.com\\\/en\\\/\"},{\"@type\":\"ListItem\",\"position\":2,\"name\":\"Work\",\"item\":\"https:\\\/\\\/www.hbh-logistics.com\\\/en\\\/work\\\/\"},{\"@type\":\"ListItem\",\"position\":3,\"name\":\"Organisation\"}]},{\"@type\":\"WebSite\",\"@id\":\"https:\\\/\\\/www.hbh-logistics.com\\\/#website\",\"url\":\"https:\\\/\\\/www.hbh-logistics.com\\\/\",\"name\":\"HBH Logistics GmbH &amp; Co. KG\",\"description\":\"\",\"potentialAction\":[{\"@type\":\"SearchAction\",\"target\":{\"@type\":\"EntryPoint\",\"urlTemplate\":\"https:\\\/\\\/www.hbh-logistics.com\\\/?s={search_term_string}\"},\"query-input\":{\"@type\":\"PropertyValueSpecification\",\"valueRequired\":true,\"valueName\":\"search_term_string\"}}],\"inLanguage\":\"en-US\"}]}<\/script>\n<!-- \/ Yoast SEO plugin. -->","yoast_head_json":{"title":"Organisation - HBH Logistics GmbH &amp; Co. KG","robots":{"index":"index","follow":"follow","max-snippet":"max-snippet:-1","max-image-preview":"max-image-preview:large","max-video-preview":"max-video-preview:-1"},"canonical":"https:\/\/www.hbh-logistics.com\/en\/work\/organisation\/","og_locale":"en_US","og_type":"article","og_title":"Organisation - HBH Logistics GmbH &amp; Co. KG","og_description":"F\u00fcr Sie zertifiziert nach DIN ISO 9001:2008. Um den Service f\u00fcr unsere Kunden st\u00e4ndig weiter zu verbessern und die Prozesse l\u00fcckenlos zu dokumentieren, hat sich die HBH Logistics GmbH &amp; Co. KG im Jahr 2009 entschieden, die DIN ISO 9001:2008 im Unternehmen einzuf\u00fchren. Wir gestalteten die Einf\u00fchrung und Umsetzung der DIN ISO erfolgreich und erhielten [&hellip;]","og_url":"https:\/\/www.hbh-logistics.com\/en\/work\/organisation\/","og_site_name":"HBH Logistics GmbH &amp; Co. KG","article_modified_time":"2020-02-19T09:42:50+00:00","twitter_card":"summary_large_image","schema":{"@context":"https:\/\/schema.org","@graph":[{"@type":"WebPage","@id":"https:\/\/www.hbh-logistics.com\/en\/work\/organisation\/","url":"https:\/\/www.hbh-logistics.com\/en\/work\/organisation\/","name":"Organisation - HBH Logistics GmbH &amp; Co. KG","isPartOf":{"@id":"https:\/\/www.hbh-logistics.com\/#website"},"datePublished":"2017-04-24T14:55:23+00:00","dateModified":"2020-02-19T09:42:50+00:00","breadcrumb":{"@id":"https:\/\/www.hbh-logistics.com\/en\/work\/organisation\/#breadcrumb"},"inLanguage":"en-US","potentialAction":[{"@type":"ReadAction","target":["https:\/\/www.hbh-logistics.com\/en\/work\/organisation\/"]}]},{"@type":"BreadcrumbList","@id":"https:\/\/www.hbh-logistics.com\/en\/work\/organisation\/#breadcrumb","itemListElement":[{"@type":"ListItem","position":1,"name":"Startseite","item":"https:\/\/www.hbh-logistics.com\/en\/"},{"@type":"ListItem","position":2,"name":"Work","item":"https:\/\/www.hbh-logistics.com\/en\/work\/"},{"@type":"ListItem","position":3,"name":"Organisation"}]},{"@type":"WebSite","@id":"https:\/\/www.hbh-logistics.com\/#website","url":"https:\/\/www.hbh-logistics.com\/","name":"HBH Logistics GmbH &amp; Co. KG","description":"","potentialAction":[{"@type":"SearchAction","target":{"@type":"EntryPoint","urlTemplate":"https:\/\/www.hbh-logistics.com\/?s={search_term_string}"},"query-input":{"@type":"PropertyValueSpecification","valueRequired":true,"valueName":"search_term_string"}}],"inLanguage":"en-US"}]}},"_links":{"self":[{"href":"https:\/\/www.hbh-logistics.com\/en\/wp-json\/wp\/v2\/pages\/373","targetHints":{"allow":["GET"]}}],"collection":[{"href":"https:\/\/www.hbh-logistics.com\/en\/wp-json\/wp\/v2\/pages"}],"about":[{"href":"https:\/\/www.hbh-logistics.com\/en\/wp-json\/wp\/v2\/types\/page"}],"author":[{"embeddable":true,"href":"https:\/\/www.hbh-logistics.com\/en\/wp-json\/wp\/v2\/users\/1"}],"replies":[{"embeddable":true,"href":"https:\/\/www.hbh-logistics.com\/en\/wp-json\/wp\/v2\/comments?post=373"}],"version-history":[{"count":4,"href":"https:\/\/www.hbh-logistics.com\/en\/wp-json\/wp\/v2\/pages\/373\/revisions"}],"predecessor-version":[{"id":1690,"href":"https:\/\/www.hbh-logistics.com\/en\/wp-json\/wp\/v2\/pages\/373\/revisions\/1690"}],"up":[{"embeddable":true,"href":"https:\/\/www.hbh-logistics.com\/en\/wp-json\/wp\/v2\/pages\/341"}],"wp:attachment":[{"href":"https:\/\/www.hbh-logistics.com\/en\/wp-json\/wp\/v2\/media?parent=373"}],"curies":[{"name":"wp","href":"https:\/\/api.w.org\/{rel}","templated":true}]}}